{"id":816,"date":"2017-03-10T23:18:00","date_gmt":"2017-03-10T22:18:00","guid":{"rendered":"http:\/\/lis-wellpappe.de\/wordpress\/?page_id=816"},"modified":"2017-05-03T09:56:04","modified_gmt":"2017-05-03T07:56:04","slug":"drucken-2","status":"publish","type":"page","link":"https:\/\/lis-wellpappe.de\/wordpress\/produkte\/drucken-2\/","title":{"rendered":"Drucken"},"content":{"rendered":"<h1 style=\"text-align: justify;\">2 Druckverfahren \u2013 f\u00fcr Ihre individuellen W\u00fcnsche<\/h1>\n<p style=\"text-align: justify;\"><img loading=\"lazy\" decoding=\"async\" class=\"alignleft wp-image-1066 size-full\" src=\"https:\/\/lis-wellpappe.de\/wordpress\/wp-content\/uploads\/2016\/07\/shutterstock_126735047EnsuperShutterstockcom.jpg\" alt=\"Ensuper\/Shutterstock.com 126735047\" width=\"350\" height=\"350\" srcset=\"https:\/\/lis-wellpappe.de\/wordpress\/wp-content\/uploads\/2016\/07\/shutterstock_126735047EnsuperShutterstockcom.jpg 350w, https:\/\/lis-wellpappe.de\/wordpress\/wp-content\/uploads\/2016\/07\/shutterstock_126735047EnsuperShutterstockcom-150x150.jpg 150w, https:\/\/lis-wellpappe.de\/wordpress\/wp-content\/uploads\/2016\/07\/shutterstock_126735047EnsuperShutterstockcom-300x300.jpg 300w\" sizes=\"auto, (max-width: 350px) 100vw, 350px\">Sie m\u00f6ch\u00adten in kur\u00adzer Zeit vie\u00adle Well\u00adpap\u00adpen bedru\u00adcken oder viel\u00adleicht auch nur einen ein\u00adzi\u00adgen Kar\u00adton? Wir k\u00f6n\u00adnen bei\u00addes bie\u00adten. Neben dem in der Well\u00adpapp\u00adin\u00addus\u00adtrie ver\u00adbrei\u00adte\u00adtem Flexo\u00addruck-Ver\u00adfah\u00adren bie\u00adten wir Ihnen durch Digi\u00adtal\u00addruck auch die M\u00f6g\u00adlich\u00adkeit Kleinst\u00admen\u00adgen (ab 1 St\u00fcck) zu fertigen.<\/p>\n<p style=\"text-align: justify;\">Gern bedru\u00adcken wir Ihren Kar\u00adton indi\u00advi\u00addu\u00adell. Ob Logo\u00addruck, Tex\u00adte, Bil\u00adder, Mus\u00adter, fort\u00adlau\u00adfen\u00adden Num\u00admern,&nbsp; Sym\u00adbo\u00adle zu Warn- und Trans\u00adport\u00adhin\u00adwei\u00adsen oder vie\u00adles mehr. Haben Sie Fra\u00adgen zum Druck, rufen Sie uns ein\u00adfach an. Wir unter\u00adst\u00fct\u00adzen Sie&nbsp;gern.<\/p>\n<h4 style=\"text-align: justify;\">Druckverfahren und Farbhilfen<\/h4>\n<p><a href=\"https:\/\/de.wikipedia.org\/wiki\/Digitaldruck\">Digi\u00adtal\u00addruck<\/a>&nbsp; ist geeig\u00adnet von 1 bis 500 St\u00fcck in den Ma\u00dfen 2500 mm x 1000&nbsp;mm.<br>\n<a href=\"http:\/\/www.wellpappe-wissen.de\/wissen\/wellpappen-verpackung\/verpackungsherstellung\/flexodruck.html\">Flexo\u00addruck<\/a>&nbsp; ab einer Men\u00adge von 500 St\u00fcck mit den Ma\u00dfen &nbsp;1800 mm x 750&nbsp;mm.<\/p>\n<p style=\"padding-left: 30px;\">Hier gelan\u00adgen sie zum Pan\u00adto\u00adne <a href=\"http:\/\/store.pantone.com\/de\/de\/colorfinder\/index\/search\">Farb\u00adfin\u00adder <\/a>und hier zur <a href=\"http:\/\/ngin.de\/cmyk2pantone\/index.php?c=100&amp;m=0&amp;y=86&amp;k=3&amp;hits=10\">Farb\u00adum\u00adrech\u00adnung&nbsp;<span class=\"caps\">CMYK<\/span> zu Pantone.<\/a><\/p>\n","protected":false},"excerpt":{"rendered":"<p>2 Druck\u00adver\u00adfah\u00adren \u2013 f\u00fcr Ihre indi\u00advi\u00addu\u00adel\u00adlen W\u00fcn\u00adsche Sie m\u00f6ch\u00adten in kur\u00adzer Zeit vie\u00adle Well\u00adpap\u00adpen bedru\u00adcken oder viel\u00adleicht auch nur einen ein\u00adzi\u00adgen Kar\u00adton? Wir k\u00f6n\u00adnen bei\u00addes bie\u00adten. Neben dem in der Well\u00adpapp\u00adin\u00addus\u00adtrie ver\u00adbrei\u00adte\u00adtem Flexo\u00ad\u00addruck-Ver\u00ad\u00ad\u00adfah\u00ad\u00adren bie\u00adten wir Ihnen durch Digi\u00adtal\u00addruck auch die M\u00f6g\u00adlich\u00adkeit Kleinst\u00admen\u00adgen (ab 1 St\u00fcck) zu fer\u00adti\u00adgen. Gern bedru\u00adcken&nbsp;wir\u2026<\/p>\n<p> <a class=\"continue-reading-link\" href=\"https:\/\/lis-wellpappe.de\/wordpress\/produkte\/drucken-2\/\"><span>wei\u00adter\u00adle\u00adsen<\/span><i class=\"crycon-right-dir\"><\/i><\/a> <\/p>\n","protected":false},"author":1,"featured_media":299,"parent":32,"menu_order":0,"comment_status":"closed","ping_status":"closed","template":"","meta":{"wp_typography_post_enhancements_disabled":false,"footnotes":""},"class_list":["post-816","page","type-page","status-publish","has-post-thumbnail","hentry"],"yoast_head":"<!-- This site is optimized with the Yoast SEO plugin v27.5 - https:\/\/yoast.com\/product\/yoast-seo-wordpress\/ -->\n<title>Drucken - LIS L\u00fcbecker Industrie Service<\/title>\n<meta name=\"robots\" content=\"index, follow, max-snippet:-1, max-image-preview:large, max-video-preview:-1\" \/>\n<link rel=\"canonical\" href=\"https:\/\/lis-wellpappe.de\/wordpress\/produkte\/drucken-2\/\" \/>\n<meta property=\"og:locale\" content=\"de_DE\" \/>\n<meta property=\"og:type\" content=\"article\" \/>\n<meta property=\"og:title\" content=\"Drucken - LIS L\u00fcbecker Industrie Service\" \/>\n<meta property=\"og:description\" content=\"2 Druckverfahren \u2013 f\u00fcr Ihre individuellen W\u00fcnsche Sie m\u00f6ch\u00adten in kur\u00adzer Zeit vie\u00adle Well\u00adpap\u00adpen bedru\u00adcken oder viel\u00adleicht auch nur einen ein\u00adzi\u00adgen Kar\u00adton? Wir k\u00f6n\u00adnen bei\u00addes bie\u00adten. Neben dem in der Well\u00adpapp\u00adin\u00addus\u00adtrie ver\u00adbrei\u00adte\u00adtem Flexo\u00addruck-Ver\u00adfah\u00adren bie\u00adten wir Ihnen durch Digi\u00adtal\u00addruck auch die M\u00f6g\u00adlich\u00adkeit Kleinst\u00admen\u00adgen (ab 1 St\u00fcck) zu fertigen. Gern bedru\u00adcken wir\u2026 weiterlesen\" \/>\n<meta property=\"og:url\" content=\"https:\/\/lis-wellpappe.de\/wordpress\/produkte\/drucken-2\/\" \/>\n<meta property=\"og:site_name\" content=\"LIS L\u00fcbecker Industrie Service\" \/>\n<meta property=\"article:modified_time\" content=\"2017-05-03T07:56:04+00:00\" \/>\n<meta property=\"og:image\" content=\"https:\/\/lis-wellpappe.de\/wordpress\/wp-content\/uploads\/2016\/07\/shutterstock_1267350474.jpg\" \/>\n\t<meta property=\"og:image:width\" content=\"435\" \/>\n\t<meta property=\"og:image:height\" content=\"500\" \/>\n\t<meta property=\"og:image:type\" content=\"image\/jpeg\" \/>\n<meta name=\"twitter:card\" content=\"summary_large_image\" \/>\n<meta name=\"twitter:label1\" content=\"Gesch\u00e4tzte Lesezeit\" \/>\n\t<meta name=\"twitter:data1\" content=\"1\u00a0Minute\" \/>\n<script type=\"application\/ld+json\" class=\"yoast-schema-graph\">{\"@context\":\"https:\\\/\\\/schema.org\",\"@graph\":[{\"@type\":\"WebPage\",\"@id\":\"https:\\\/\\\/lis-wellpappe.de\\\/wordpress\\\/produkte\\\/drucken-2\\\/\",\"url\":\"https:\\\/\\\/lis-wellpappe.de\\\/wordpress\\\/produkte\\\/drucken-2\\\/\",\"name\":\"Drucken - LIS L\u00fcbecker Industrie Service\",\"isPartOf\":{\"@id\":\"https:\\\/\\\/lis-wellpappe.de\\\/wordpress\\\/#website\"},\"primaryImageOfPage\":{\"@id\":\"https:\\\/\\\/lis-wellpappe.de\\\/wordpress\\\/produkte\\\/drucken-2\\\/#primaryimage\"},\"image\":{\"@id\":\"https:\\\/\\\/lis-wellpappe.de\\\/wordpress\\\/produkte\\\/drucken-2\\\/#primaryimage\"},\"thumbnailUrl\":\"https:\\\/\\\/lis-wellpappe.de\\\/wordpress\\\/wp-content\\\/uploads\\\/2016\\\/07\\\/shutterstock_1267350474.jpg\",\"datePublished\":\"2017-03-10T22:18:00+00:00\",\"dateModified\":\"2017-05-03T07:56:04+00:00\",\"breadcrumb\":{\"@id\":\"https:\\\/\\\/lis-wellpappe.de\\\/wordpress\\\/produkte\\\/drucken-2\\\/#breadcrumb\"},\"inLanguage\":\"de\",\"potentialAction\":[{\"@type\":\"ReadAction\",\"target\":[\"https:\\\/\\\/lis-wellpappe.de\\\/wordpress\\\/produkte\\\/drucken-2\\\/\"]}]},{\"@type\":\"ImageObject\",\"inLanguage\":\"de\",\"@id\":\"https:\\\/\\\/lis-wellpappe.de\\\/wordpress\\\/produkte\\\/drucken-2\\\/#primaryimage\",\"url\":\"https:\\\/\\\/lis-wellpappe.de\\\/wordpress\\\/wp-content\\\/uploads\\\/2016\\\/07\\\/shutterstock_1267350474.jpg\",\"contentUrl\":\"https:\\\/\\\/lis-wellpappe.de\\\/wordpress\\\/wp-content\\\/uploads\\\/2016\\\/07\\\/shutterstock_1267350474.jpg\",\"width\":435,\"height\":500,\"caption\":\"Drucken\"},{\"@type\":\"BreadcrumbList\",\"@id\":\"https:\\\/\\\/lis-wellpappe.de\\\/wordpress\\\/produkte\\\/drucken-2\\\/#breadcrumb\",\"itemListElement\":[{\"@type\":\"ListItem\",\"position\":1,\"name\":\"Startseite\",\"item\":\"https:\\\/\\\/lis-wellpappe.de\\\/wordpress\\\/\"},{\"@type\":\"ListItem\",\"position\":2,\"name\":\"Leistungen\",\"item\":\"https:\\\/\\\/lis-wellpappe.de\\\/wordpress\\\/produkte\\\/\"},{\"@type\":\"ListItem\",\"position\":3,\"name\":\"Drucken\"}]},{\"@type\":\"WebSite\",\"@id\":\"https:\\\/\\\/lis-wellpappe.de\\\/wordpress\\\/#website\",\"url\":\"https:\\\/\\\/lis-wellpappe.de\\\/wordpress\\\/\",\"name\":\"LIS L\u00fcbecker Industrie Service\",\"description\":\"Konstruktive Verpackungen aus Wellpappe\",\"publisher\":{\"@id\":\"https:\\\/\\\/lis-wellpappe.de\\\/wordpress\\\/#organization\"},\"potentialAction\":[{\"@type\":\"SearchAction\",\"target\":{\"@type\":\"EntryPoint\",\"urlTemplate\":\"https:\\\/\\\/lis-wellpappe.de\\\/wordpress\\\/?s={search_term_string}\"},\"query-input\":{\"@type\":\"PropertyValueSpecification\",\"valueRequired\":true,\"valueName\":\"search_term_string\"}}],\"inLanguage\":\"de\"},{\"@type\":\"Organization\",\"@id\":\"https:\\\/\\\/lis-wellpappe.de\\\/wordpress\\\/#organization\",\"name\":\"LIS L\u00fcbecker Industrie Service\",\"url\":\"https:\\\/\\\/lis-wellpappe.de\\\/wordpress\\\/\",\"logo\":{\"@type\":\"ImageObject\",\"inLanguage\":\"de\",\"@id\":\"https:\\\/\\\/lis-wellpappe.de\\\/wordpress\\\/#\\\/schema\\\/logo\\\/image\\\/\",\"url\":\"https:\\\/\\\/lis-wellpappe.de\\\/wordpress\\\/wp-content\\\/uploads\\\/2017\\\/03\\\/logo.png\",\"contentUrl\":\"https:\\\/\\\/lis-wellpappe.de\\\/wordpress\\\/wp-content\\\/uploads\\\/2017\\\/03\\\/logo.png\",\"width\":671,\"height\":235,\"caption\":\"LIS L\u00fcbecker Industrie Service\"},\"image\":{\"@id\":\"https:\\\/\\\/lis-wellpappe.de\\\/wordpress\\\/#\\\/schema\\\/logo\\\/image\\\/\"}}]}<\/script>\n<!-- \/ Yoast SEO plugin. -->","yoast_head_json":{"title":"Drucken - LIS L\u00fcbecker Industrie Service","robots":{"index":"index","follow":"follow","max-snippet":"max-snippet:-1","max-image-preview":"max-image-preview:large","max-video-preview":"max-video-preview:-1"},"canonical":"https:\/\/lis-wellpappe.de\/wordpress\/produkte\/drucken-2\/","og_locale":"de_DE","og_type":"article","og_title":"Drucken - LIS L\u00fcbecker Industrie Service","og_description":"2 Druckverfahren \u2013 f\u00fcr Ihre individuellen W\u00fcnsche Sie m\u00f6ch\u00adten in kur\u00adzer Zeit vie\u00adle Well\u00adpap\u00adpen bedru\u00adcken oder viel\u00adleicht auch nur einen ein\u00adzi\u00adgen Kar\u00adton? Wir k\u00f6n\u00adnen bei\u00addes bie\u00adten. Neben dem in der Well\u00adpapp\u00adin\u00addus\u00adtrie ver\u00adbrei\u00adte\u00adtem Flexo\u00addruck-Ver\u00adfah\u00adren bie\u00adten wir Ihnen durch Digi\u00adtal\u00addruck auch die M\u00f6g\u00adlich\u00adkeit Kleinst\u00admen\u00adgen (ab 1 St\u00fcck) zu fertigen. Gern bedru\u00adcken wir\u2026 weiterlesen","og_url":"https:\/\/lis-wellpappe.de\/wordpress\/produkte\/drucken-2\/","og_site_name":"LIS L\u00fcbecker Industrie Service","article_modified_time":"2017-05-03T07:56:04+00:00","og_image":[{"width":435,"height":500,"url":"https:\/\/lis-wellpappe.de\/wordpress\/wp-content\/uploads\/2016\/07\/shutterstock_1267350474.jpg","type":"image\/jpeg"}],"twitter_card":"summary_large_image","twitter_misc":{"Gesch\u00e4tzte Lesezeit":"1\u00a0Minute"},"schema":{"@context":"https:\/\/schema.org","@graph":[{"@type":"WebPage","@id":"https:\/\/lis-wellpappe.de\/wordpress\/produkte\/drucken-2\/","url":"https:\/\/lis-wellpappe.de\/wordpress\/produkte\/drucken-2\/","name":"Drucken - LIS L\u00fcbecker Industrie Service","isPartOf":{"@id":"https:\/\/lis-wellpappe.de\/wordpress\/#website"},"primaryImageOfPage":{"@id":"https:\/\/lis-wellpappe.de\/wordpress\/produkte\/drucken-2\/#primaryimage"},"image":{"@id":"https:\/\/lis-wellpappe.de\/wordpress\/produkte\/drucken-2\/#primaryimage"},"thumbnailUrl":"https:\/\/lis-wellpappe.de\/wordpress\/wp-content\/uploads\/2016\/07\/shutterstock_1267350474.jpg","datePublished":"2017-03-10T22:18:00+00:00","dateModified":"2017-05-03T07:56:04+00:00","breadcrumb":{"@id":"https:\/\/lis-wellpappe.de\/wordpress\/produkte\/drucken-2\/#breadcrumb"},"inLanguage":"de","potentialAction":[{"@type":"ReadAction","target":["https:\/\/lis-wellpappe.de\/wordpress\/produkte\/drucken-2\/"]}]},{"@type":"ImageObject","inLanguage":"de","@id":"https:\/\/lis-wellpappe.de\/wordpress\/produkte\/drucken-2\/#primaryimage","url":"https:\/\/lis-wellpappe.de\/wordpress\/wp-content\/uploads\/2016\/07\/shutterstock_1267350474.jpg","contentUrl":"https:\/\/lis-wellpappe.de\/wordpress\/wp-content\/uploads\/2016\/07\/shutterstock_1267350474.jpg","width":435,"height":500,"caption":"Drucken"},{"@type":"BreadcrumbList","@id":"https:\/\/lis-wellpappe.de\/wordpress\/produkte\/drucken-2\/#breadcrumb","itemListElement":[{"@type":"ListItem","position":1,"name":"Startseite","item":"https:\/\/lis-wellpappe.de\/wordpress\/"},{"@type":"ListItem","position":2,"name":"Leistungen","item":"https:\/\/lis-wellpappe.de\/wordpress\/produkte\/"},{"@type":"ListItem","position":3,"name":"Drucken"}]},{"@type":"WebSite","@id":"https:\/\/lis-wellpappe.de\/wordpress\/#website","url":"https:\/\/lis-wellpappe.de\/wordpress\/","name":"LIS L\u00fcbecker Industrie Service","description":"Konstruktive Verpackungen aus Wellpappe","publisher":{"@id":"https:\/\/lis-wellpappe.de\/wordpress\/#organization"},"potentialAction":[{"@type":"SearchAction","target":{"@type":"EntryPoint","urlTemplate":"https:\/\/lis-wellpappe.de\/wordpress\/?s={search_term_string}"},"query-input":{"@type":"PropertyValueSpecification","valueRequired":true,"valueName":"search_term_string"}}],"inLanguage":"de"},{"@type":"Organization","@id":"https:\/\/lis-wellpappe.de\/wordpress\/#organization","name":"LIS L\u00fcbecker Industrie Service","url":"https:\/\/lis-wellpappe.de\/wordpress\/","logo":{"@type":"ImageObject","inLanguage":"de","@id":"https:\/\/lis-wellpappe.de\/wordpress\/#\/schema\/logo\/image\/","url":"https:\/\/lis-wellpappe.de\/wordpress\/wp-content\/uploads\/2017\/03\/logo.png","contentUrl":"https:\/\/lis-wellpappe.de\/wordpress\/wp-content\/uploads\/2017\/03\/logo.png","width":671,"height":235,"caption":"LIS L\u00fcbecker Industrie Service"},"image":{"@id":"https:\/\/lis-wellpappe.de\/wordpress\/#\/schema\/logo\/image\/"}}]}},"_links":{"self":[{"href":"https:\/\/lis-wellpappe.de\/wordpress\/wp-json\/wp\/v2\/pages\/816","targetHints":{"allow":["GET"]}}],"collection":[{"href":"https:\/\/lis-wellpappe.de\/wordpress\/wp-json\/wp\/v2\/pages"}],"about":[{"href":"https:\/\/lis-wellpappe.de\/wordpress\/wp-json\/wp\/v2\/types\/page"}],"author":[{"embeddable":true,"href":"https:\/\/lis-wellpappe.de\/wordpress\/wp-json\/wp\/v2\/users\/1"}],"replies":[{"embeddable":true,"href":"https:\/\/lis-wellpappe.de\/wordpress\/wp-json\/wp\/v2\/comments?post=816"}],"version-history":[{"count":25,"href":"https:\/\/lis-wellpappe.de\/wordpress\/wp-json\/wp\/v2\/pages\/816\/revisions"}],"predecessor-version":[{"id":1091,"href":"https:\/\/lis-wellpappe.de\/wordpress\/wp-json\/wp\/v2\/pages\/816\/revisions\/1091"}],"up":[{"embeddable":true,"href":"https:\/\/lis-wellpappe.de\/wordpress\/wp-json\/wp\/v2\/pages\/32"}],"wp:featuredmedia":[{"embeddable":true,"href":"https:\/\/lis-wellpappe.de\/wordpress\/wp-json\/wp\/v2\/media\/299"}],"wp:attachment":[{"href":"https:\/\/lis-wellpappe.de\/wordpress\/wp-json\/wp\/v2\/media?parent=816"}],"curies":[{"name":"wp","href":"https:\/\/api.w.org\/{rel}","templated":true}]}}