{"id":36,"date":"2016-02-03T22:18:51","date_gmt":"2016-02-03T21:18:51","guid":{"rendered":"http:\/\/lis-wellpappe.de\/wordpress\/?page_id=36"},"modified":"2024-11-12T10:51:27","modified_gmt":"2024-11-12T09:51:27","slug":"unternehmen","status":"publish","type":"page","link":"https:\/\/lis-wellpappe.de\/wordpress\/unternehmen\/","title":{"rendered":"Unternehmen"},"content":{"rendered":"<h1><span class=\"caps\">LIS<\/span>&nbsp; L\u00fcbecker Industrie Service<\/h1>\n<p style=\"padding-left: 30px;\">Seit der Gr\u00fcn\u00addung im Jah\u00adre 1999 ist unser Fami\u00adli\u00aden\u00adun\u00adter\u00adneh\u00admen als inno\u00adva\u00adti\u00adver Dienst\u00adleis\u00adter in der Ver\u00adpa\u00adckungs\u00adbran\u00adche t\u00e4tig. Wir ent\u00adwi\u00adckeln Ver\u00adpa\u00adckun\u00adgen f\u00fcr jeden Bedarf \u2013 und das mit gro\u00ad\u00dfen \u00f6ko\u00adno\u00admi\u00adschen und \u00f6ko\u00adlo\u00adgi\u00adschen Vor\u00adtei\u00adlen. Das Ver\u00adsen\u00adden Ihrer Pro\u00adduk\u00adte in Well\u00adpapp\u00adver\u00adpa\u00adckun\u00adgen spart Gewicht und redu\u00adziert so bei\u00adspiels\u00adwei\u00adse ihre Fracht\u00adkos\u00adten. Seit\u00adher agie\u00adren wir euro\u00adpa\u00adweit, wie bei\u00adspiels\u00adwei\u00adse in D\u00e4ne\u00admark, Hol\u00adland und Rum\u00e4\u00adni\u00aden. Auch lokal sind wir aktiv und unter\u00adst\u00fct\u00adzen u.a. die <span class=\"caps\">ASC<\/span> L\u00fcbeck Cou\u00adgars, Tiger\u00adpark in Das\u00adsow. Sie wol\u00adlen noch mehr erfah\u00adren? Rufen Sie uns ein\u00adfach an unter 0451-3881882.<\/p>\n<h4>Einsatz als&nbsp;Team<\/h4>\n<p style=\"padding-left: 30px;\">Als Fami\u00adli\u00aden\u00adun\u00adter\u00adneh\u00admen sind wir seit 1999 f\u00fcr Sie im Ein\u00adsatz. T\u00e4g\u00adlich fer\u00adti\u00adgen wir Ihre Klein\u00adauf\u00adtr\u00e4\u00adge mit dem\u00adsel\u00adben Eifer, wie auch Ihre Gro\u00dfauftr\u00e4ge.<\/p>\n<h4>Unser Antrieb \u201e<span class=\"caps\">VTT<\/span>\u201c<\/h4>\n<p style=\"padding-left: 30px;\">Ver\u00adant\u00adwor\u00adtung, Ter\u00admin\u00adtreue und Tem\u00adpo (<span class=\"caps\">VTT<\/span>) sind unse\u00adre zen\u00adtra\u00adlen Trieb\u00adfe\u00addern. Aber was hei\u00dft dies f\u00fcr sie als Kun\u00adden oder auch als Mit\u00adar\u00adbei\u00adter unse\u00adres&nbsp;Teams?<\/p>\n<p><span class=\"caps\">VTT<\/span> aus Kun\u00adden\u00adsicht. Wir \u00fcber\u00adneh\u00admen Ver\u00adant\u00adwor\u00adtung und fer\u00adti\u00adgen ihre Kar\u00adto\u00adna\u00adgen in erprob\u00adten Pro\u00adzes\u00adsen. Bei indi\u00advi\u00addu\u00adel\u00adlen Ma\u00df\u00adan\u00adfor\u00adde\u00adrun\u00adgen bera\u00adten wir Sie ziel\u00adbe\u00adwusst ab der ers\u00adten Kon\u00adtakt\u00adauf\u00adnah\u00adme bis zur fina\u00adlen Aus\u00adlie\u00adfe\u00adrung. Trans\u00adpa\u00adren\u00adte Abl\u00e4u\u00adfe und der per\u00adma\u00adnen\u00adte Aus\u00adtausch zwi\u00adschen Pro\u00adduk\u00adti\u00adon, Innen\u00addienst und Kun\u00adden erm\u00f6g\u00adlicht die sta\u00adbi\u00adle Ter\u00admin\u00adtreue. Wir dr\u00fc\u00adcken auf\u00b4s Tem\u00adpo und k\u00f6n\u00adnen Sie dank unse\u00adrer schnel\u00adlen Reak\u00adti\u00adons\u00adf\u00e4\u00adhig\u00adkeit oft auch bei eili\u00adgen Auf\u00adtr\u00e4\u00adgen durch unse\u00adren \u201e\u00dcber Nacht Ser\u00advice\u201c unterst\u00fctzen.<\/p>\n<p><span class=\"caps\">VTT<\/span> im Team. Wir sind eine Fami\u00adlie und unter\u00adst\u00fct\u00adzen unse\u00adre Mit\u00adar\u00adbei\u00adter auch in beson\u00adde\u00adren Zei\u00adten. Gemein\u00adsa\u00adme Aktio\u00adnen und auch unse\u00adre LIS-Band \u201eL\u00fcbe\u00adcker Indus\u00adtrie Sound\u201c spre\u00adchen f\u00fcr unser Betriebs\u00adkli\u00adma. Durch unse\u00adre trans\u00adpa\u00adren\u00adten Abl\u00e4u\u00adfe und regel\u00adm\u00e4\u00ad\u00dfi\u00adgen Schu\u00adlun\u00adgen sichern wir ihre Qua\u00adli\u00adfi\u00adka\u00adti\u00adon. Daf\u00fcr gibt es auch mal lus\u00adti\u00adge Team\u00adbuil\u00adding\u00adschu\u00adlun\u00adgen mit Spa\u00df\u00adfak\u00adtor (Gami\u00adfi\u00adca\u00adti\u00adon). Die trans\u00adpa\u00adren\u00adten Abl\u00e4u\u00adfe und unse\u00adre Ein\u00adar\u00adbei\u00adtungs\u00adcoa\u00adches nut\u00adzen wir damit Sie sich schnell ins Team ein\u00adbrin\u00adgen k\u00f6n\u00adnen. Wir w\u00fcn\u00adschen uns spe\u00adzi\u00adell in der Ein\u00adar\u00adbei\u00adtungs\u00adpha\u00adse ihre Unter\u00adst\u00fct\u00adzung, um Ver\u00ad\u00e4n\u00adde\u00adrungs\u00adpro\u00adzes\u00adse anzu\u00adsto\u00ad\u00dfen. Tem\u00adpo bedeu\u00adtet f\u00fcr uns, mit\u00adein\u00adan\u00adder zu kom\u00admu\u00adni\u00adzie\u00adren. Ein guter Infor\u00adma\u00adti\u00adons\u00adfluss f\u00f6r\u00addert das Ver\u00adst\u00e4nd\u00adnis zwi\u00adschen\u00adein\u00adan\u00adder und gibt uns die M\u00f6g\u00adlich\u00adkeit fle\u00adxi\u00adbel und reak\u00adti\u00adons\u00adf\u00e4\u00adhig zu&nbsp;sein.<\/p>\n<h4>Wir unterst\u00fctzen&nbsp; \u201eElsa\u201c<\/h4>\n<p><a href=\"http:\/\/tigerpark.de\/\" target=\"_blank\" rel=\"noopener noreferrer\">Tiger\u00adpark Das\u00adsow<\/a>. Wie kamen wir auf den&nbsp;Tiger\u2026<\/p>\n<div id=\"attachment_1129\" style=\"width: 1034px\" class=\"wp-caption aligncenter\"><img loading=\"lazy\" decoding=\"async\" aria-describedby=\"caption-attachment-1129\" class=\"size-large wp-image-1129\" src=\"https:\/\/lis-wellpappe.de\/wordpress\/wp-content\/uploads\/2016\/02\/Elsa-auf-Stein-1-1024x887.jpg\" alt width=\"1024\" height=\"887\" srcset=\"https:\/\/lis-wellpappe.de\/wordpress\/wp-content\/uploads\/2016\/02\/Elsa-auf-Stein-1-1024x887.jpg 1024w, https:\/\/lis-wellpappe.de\/wordpress\/wp-content\/uploads\/2016\/02\/Elsa-auf-Stein-1-300x260.jpg 300w, https:\/\/lis-wellpappe.de\/wordpress\/wp-content\/uploads\/2016\/02\/Elsa-auf-Stein-1-768x665.jpg 768w, https:\/\/lis-wellpappe.de\/wordpress\/wp-content\/uploads\/2016\/02\/Elsa-auf-Stein-1-150x130.jpg 150w, https:\/\/lis-wellpappe.de\/wordpress\/wp-content\/uploads\/2016\/02\/Elsa-auf-Stein-1.jpg 1108w\" sizes=\"auto, (max-width: 1024px) 100vw, 1024px\"><p id=\"caption-attachment-1129\" class=\"wp-caption-text\">Elsa ent\u00adspannt<\/p><\/div>\n<p style=\"text-align: justify;\">Unse\u00adre lang\u00adj\u00e4h\u00adri\u00adgen Freun\u00adde Moni\u00adka Farell und Saad Rose (Tiger\u00adpark\u00adin\u00adha\u00adber) erz\u00e4hl\u00adten uns im Novem\u00adber 2016, dass sie ein Tiger\u00adba\u00adby zu sich neh\u00admen, da das Mut\u00adter\u00adtier die Klei\u00adne nicht auf\u00adzie\u00adhen woll\u00adte und ver\u00adsto\u00ad\u00dfen hat. Da unse\u00adre Freun\u00adde einen Tiger\u00adpark unter\u00adhal\u00adten, haben sie nat\u00fcr\u00adlich s\u00e4mt\u00adli\u00adche Kennt\u00adnis\u00adse und das Wis\u00adsen von der Auf\u00adzucht eines klei\u00adnen Tigerbaby\u00b4s. Wir waren neu\u00adgie\u00adrig gewor\u00adden, da Moni\u00adka und Saad das Zim\u00admer Ihres Soh\u00adnes r\u00e4u\u00admen und umbau\u00aden muss\u00adten, damit die klei\u00adne Elsa ihr eige\u00adnes Reich bekam. Wir durf\u00adten Elsa beim 1. Besuch strei\u00adcheln und f\u00fct\u00adtern und waren sofort ver\u00adliebt. Auch die Medi\u00aden wur\u00adden auf\u00admerk\u00adsam auf die klei\u00adne Elsa und fast t\u00e4g\u00adlich kam ein Fern\u00adseh\u00adsen\u00adder zu Moni\u00adka und Saad in die Woh\u00adnung, um das Tiger\u00adba\u00adby zu fil\u00admen. Dadurch wur\u00adde sie eine klei\u00adne Ber\u00fchmt\u00adheit und es haben vie\u00adle lie\u00adbe Men\u00adschen gespen\u00addet. Jeder Euro z\u00e4hlte.<\/p>\n<p style=\"text-align: justify;\">Moni\u00adka und Saad, haben uns von der Platz\u00adpro\u00adble\u00adma\u00adtik erz\u00e4hlt: Elsa wird nicht so klein blei\u00adben, son\u00addern wird stol\u00adze 200kg schwer. Der Bau eines art\u00adge\u00adrech\u00adten Gehe\u00adges stell\u00adte sie nicht nur vor finan\u00adzi\u00adel\u00adle Fra\u00adgen. Doch f\u00fcr uns war klar, wir hel\u00adfen wo wir k\u00f6n\u00adnen. Auch der \u201ePaten\u00adon\u00adkel\u201c Rap\u00adper Kon\u00adtra K war sofort mit Hil\u00adfe zur Stel\u00adle. Gesagt getan.<\/p>\n<div id=\"attachment_1124\" style=\"width: 360px\" class=\"wp-caption aligncenter\"><img loading=\"lazy\" decoding=\"async\" aria-describedby=\"caption-attachment-1124\" class=\"wp-image-1124\" src=\"https:\/\/lis-wellpappe.de\/wordpress\/wp-content\/uploads\/2016\/02\/Elsa_YvonneF_Strand-1-671x1024.jpg\" alt width=\"350\" height=\"534\" srcset=\"https:\/\/lis-wellpappe.de\/wordpress\/wp-content\/uploads\/2016\/02\/Elsa_YvonneF_Strand-1-671x1024.jpg 671w, https:\/\/lis-wellpappe.de\/wordpress\/wp-content\/uploads\/2016\/02\/Elsa_YvonneF_Strand-1-197x300.jpg 197w, https:\/\/lis-wellpappe.de\/wordpress\/wp-content\/uploads\/2016\/02\/Elsa_YvonneF_Strand-1-98x150.jpg 98w, https:\/\/lis-wellpappe.de\/wordpress\/wp-content\/uploads\/2016\/02\/Elsa_YvonneF_Strand-1.jpg 695w\" sizes=\"auto, (max-width: 350px) 100vw, 350px\"><p id=\"caption-attachment-1124\" class=\"wp-caption-text\">Mit Elsa am Strand\u2026<\/p><\/div>\n<p style=\"text-align: justify;\">Von Febru\u00adar 2017 bis zur Er\u00f6ff\u00adnung am 08.04 2017 haben wir ihr Gehe\u00adge gebaut. Der Rap\u00adper Kon\u00adtra K orga\u00adni\u00adsier\u00adte 2 Gra\u00adfity\u00adspray\u00ader, die die Wand fan\u00adtas\u00adtisch bespr\u00fch\u00adten und zeit\u00adgleich wur\u00adde ihr H\u00e4us\u00adchen gebaut. Im M\u00e4rz waren wir im Urlaub im Liba\u00adnon und erz\u00e4hl\u00adten unse\u00adrer Fami\u00adlie vor Ort von unse\u00adrem Pro\u00adjekt und das jetzt eigent\u00adlich nur noch ein gro\u00ad\u00dfer Stein feh\u00adlen w\u00fcr\u00adde, wo&nbsp; sich Elsa in der Son\u00adne ent\u00adspan\u00adnen kann.&nbsp; Der Vater unse\u00adres Schwie\u00adger\u00adsoh\u00adnes, Hus\u00adsein Sho\u00adu\u00adman, ging mit uns zu sei\u00adnem Grund\u00adst\u00fcck und zeig\u00adte auf 2 rie\u00adsi\u00adge Natur\u00adstei\u00adne. Die k\u00f6nnt ihr haben, schen\u00adke ich euch und wir haben sie kur\u00adzer\u00adhand ver\u00adschif\u00adfen las\u00adsen. Am 04.05.2017 war es dann end\u00adlich soweit und ein 100t Kran hiev\u00adte die Stei\u00adne in das Gehe\u00adge. Nun ist alles per\u00adfekt und Elsa f\u00fchlt sich rich\u00adtig&nbsp;wohl.<\/p>\n<p style=\"text-align: justify;\"><img loading=\"lazy\" decoding=\"async\" class=\"size-full wp-image-1149 aligncenter\" src=\"https:\/\/lis-wellpappe.de\/wordpress\/wp-content\/uploads\/2017\/12\/Elsa_Claudio_Strand.jpg\" alt width=\"360\" height=\"483\" srcset=\"https:\/\/lis-wellpappe.de\/wordpress\/wp-content\/uploads\/2017\/12\/Elsa_Claudio_Strand.jpg 360w, https:\/\/lis-wellpappe.de\/wordpress\/wp-content\/uploads\/2017\/12\/Elsa_Claudio_Strand-224x300.jpg 224w, https:\/\/lis-wellpappe.de\/wordpress\/wp-content\/uploads\/2017\/12\/Elsa_Claudio_Strand-112x150.jpg 112w\" sizes=\"auto, (max-width: 360px) 100vw, 360px\"><\/p>\n<p style=\"text-align: justify;\">T\u00e4g\u00adlich brauch\u00adte Elsa nat\u00fcr\u00adlich auch Aus\u00adgang und Abwechs\u00adlung, damit sie eine tol\u00adle Tiger\u00adkind\u00adheit erle\u00adben durf\u00adte, so kamen Moni\u00adka, Saad und Elsa zu uns auf den K\u00f6nigs\u00adberg wo sie sich ordent\u00adlich aus\u00adto\u00adben konn\u00adte. Sie liebt Kar\u00adtons, hohe B\u00e4u\u00adme und vor allem Was\u00adser. So gin\u00adgen wir auch an den Ost\u00adsee\u00adstrand und haben dort tol\u00adle Stun\u00adden mit ihr ver\u00adbrin\u00adgen d\u00fcr\u00adfen. Die\u00adse Spa\u00adzier\u00adg\u00e4n\u00adge sind etwas ganz beson\u00adde\u00adres, die Bezie\u00adhung zu Elsa wur\u00adde immer enger. Aber man konn\u00adte fast w\u00f6chent\u00adlich ihre Wachs\u00adtums\u00adst\u00f6\u00ad\u00dfe sehen und Elsa ist nun mal eine Raub\u00adkat\u00adze, die sehr gro\u00df und gef\u00e4hr\u00adlich wer\u00adden kann. Wenn sie einen dann so ansprang, konn\u00adte man sie anfangs noch ma\u00df\u00adre\u00adgeln und weg\u00adschie\u00adben, aber inzwi\u00adschen ist sie so gro\u00df, dass es schwer ist sie zu h\u00e4ndeln.<\/p>\n<p style=\"text-align: justify;\">Jede freie Minu\u00adte fah\u00adren wir in den Tiger\u00adpark Das\u00adsow, um Elsa zu begr\u00fc\u00ad\u00dfen. Und sie begr\u00fc\u00dft uns auch immer freu\u00addig mit einem s\u00fc\u00dfen Schnaufer&nbsp;\ud83d\ude42<\/p>\n","protected":false},"excerpt":{"rendered":"<p><span class=\"caps\">LIS<\/span>&nbsp; L\u00fcbe\u00adcker Indus\u00adtrie Ser\u00advice Seit der Gr\u00fcn\u00addung im Jah\u00adre 1999 ist unser Fami\u00adli\u00aden\u00adun\u00adter\u00adneh\u00admen als inno\u00adva\u00adti\u00adver Dienst\u00adleis\u00adter in der Ver\u00adpa\u00adckungs\u00adbran\u00adche t\u00e4tig. Wir ent\u00adwi\u00adckeln Ver\u00adpa\u00adckun\u00adgen f\u00fcr jeden Bedarf \u2013 und das mit gro\u00ad\u00dfen \u00f6ko\u00adno\u00admi\u00adschen und \u00f6ko\u00adlo\u00adgi\u00adschen Vor\u00adtei\u00adlen. Das Ver\u00adsen\u00adden Ihrer Pro\u00adduk\u00adte in Well\u00adpapp\u00adver\u00adpa\u00adckun\u00adgen spart Gewicht und redu\u00adziert so bei\u00adspiels\u00adwei\u00adse ihre Fracht\u00adkos\u00adten. Seither\u2026<\/p>\n<p> <a class=\"continue-reading-link\" href=\"https:\/\/lis-wellpappe.de\/wordpress\/unternehmen\/\"><span>wei\u00adter\u00adle\u00adsen<\/span><i class=\"crycon-right-dir\"><\/i><\/a> <\/p>\n","protected":false},"author":1,"featured_media":765,"parent":0,"menu_order":0,"comment_status":"closed","ping_status":"closed","template":"","meta":{"wp_typography_post_enhancements_disabled":false,"footnotes":""},"class_list":["post-36","page","type-page","status-publish","has-post-thumbnail","hentry"],"yoast_head":"<!-- This site is optimized with the Yoast SEO plugin v27.5 - https:\/\/yoast.com\/product\/yoast-seo-wordpress\/ -->\n<title>Unternehmen - LIS L\u00fcbecker Industrie Service<\/title>\n<meta name=\"robots\" content=\"index, follow, max-snippet:-1, max-image-preview:large, max-video-preview:-1\" \/>\n<link rel=\"canonical\" href=\"https:\/\/lis-wellpappe.de\/wordpress\/unternehmen\/\" \/>\n<meta property=\"og:locale\" content=\"de_DE\" \/>\n<meta property=\"og:type\" content=\"article\" \/>\n<meta property=\"og:title\" content=\"Unternehmen - LIS L\u00fcbecker Industrie Service\" \/>\n<meta property=\"og:description\" content=\"LIS&nbsp; L\u00fcbecker Industrie Service Seit der Gr\u00fcn\u00addung im Jah\u00adre 1999 ist unser Fami\u00adli\u00aden\u00adun\u00adter\u00adneh\u00admen als inno\u00adva\u00adti\u00adver Dienst\u00adleis\u00adter in der Ver\u00adpa\u00adckungs\u00adbran\u00adche t\u00e4tig. Wir ent\u00adwi\u00adckeln Ver\u00adpa\u00adckun\u00adgen f\u00fcr jeden Bedarf \u2013 und das mit gro\u00ad\u00dfen \u00f6ko\u00adno\u00admi\u00adschen und \u00f6ko\u00adlo\u00adgi\u00adschen Vor\u00adtei\u00adlen. Das Ver\u00adsen\u00adden Ihrer Pro\u00adduk\u00adte in Well\u00adpapp\u00adver\u00adpa\u00adckun\u00adgen spart Gewicht und redu\u00adziert so bei\u00adspiels\u00adwei\u00adse ihre Fracht\u00adkos\u00adten. Seit\u00adher\u2026 weiterlesen\" \/>\n<meta property=\"og:url\" content=\"https:\/\/lis-wellpappe.de\/wordpress\/unternehmen\/\" \/>\n<meta property=\"og:site_name\" content=\"LIS L\u00fcbecker Industrie Service\" \/>\n<meta property=\"article:modified_time\" content=\"2024-11-12T09:51:27+00:00\" \/>\n<meta property=\"og:image\" content=\"https:\/\/lis-wellpappe.de\/wordpress\/wp-content\/uploads\/2016\/09\/Unternehmen.jpg\" \/>\n\t<meta property=\"og:image:width\" content=\"334\" \/>\n\t<meta property=\"og:image:height\" content=\"500\" \/>\n\t<meta property=\"og:image:type\" content=\"image\/jpeg\" \/>\n<meta name=\"twitter:card\" content=\"summary_large_image\" \/>\n<meta name=\"twitter:label1\" content=\"Gesch\u00e4tzte Lesezeit\" \/>\n\t<meta name=\"twitter:data1\" content=\"5\u00a0Minuten\" \/>\n<script type=\"application\/ld+json\" class=\"yoast-schema-graph\">{\"@context\":\"https:\\\/\\\/schema.org\",\"@graph\":[{\"@type\":\"WebPage\",\"@id\":\"https:\\\/\\\/lis-wellpappe.de\\\/wordpress\\\/unternehmen\\\/\",\"url\":\"https:\\\/\\\/lis-wellpappe.de\\\/wordpress\\\/unternehmen\\\/\",\"name\":\"Unternehmen - LIS L\u00fcbecker Industrie Service\",\"isPartOf\":{\"@id\":\"https:\\\/\\\/lis-wellpappe.de\\\/wordpress\\\/#website\"},\"primaryImageOfPage\":{\"@id\":\"https:\\\/\\\/lis-wellpappe.de\\\/wordpress\\\/unternehmen\\\/#primaryimage\"},\"image\":{\"@id\":\"https:\\\/\\\/lis-wellpappe.de\\\/wordpress\\\/unternehmen\\\/#primaryimage\"},\"thumbnailUrl\":\"https:\\\/\\\/lis-wellpappe.de\\\/wordpress\\\/wp-content\\\/uploads\\\/2016\\\/09\\\/Unternehmen.jpg\",\"datePublished\":\"2016-02-03T21:18:51+00:00\",\"dateModified\":\"2024-11-12T09:51:27+00:00\",\"breadcrumb\":{\"@id\":\"https:\\\/\\\/lis-wellpappe.de\\\/wordpress\\\/unternehmen\\\/#breadcrumb\"},\"inLanguage\":\"de\",\"potentialAction\":[{\"@type\":\"ReadAction\",\"target\":[\"https:\\\/\\\/lis-wellpappe.de\\\/wordpress\\\/unternehmen\\\/\"]}]},{\"@type\":\"ImageObject\",\"inLanguage\":\"de\",\"@id\":\"https:\\\/\\\/lis-wellpappe.de\\\/wordpress\\\/unternehmen\\\/#primaryimage\",\"url\":\"https:\\\/\\\/lis-wellpappe.de\\\/wordpress\\\/wp-content\\\/uploads\\\/2016\\\/09\\\/Unternehmen.jpg\",\"contentUrl\":\"https:\\\/\\\/lis-wellpappe.de\\\/wordpress\\\/wp-content\\\/uploads\\\/2016\\\/09\\\/Unternehmen.jpg\",\"width\":334,\"height\":500},{\"@type\":\"BreadcrumbList\",\"@id\":\"https:\\\/\\\/lis-wellpappe.de\\\/wordpress\\\/unternehmen\\\/#breadcrumb\",\"itemListElement\":[{\"@type\":\"ListItem\",\"position\":1,\"name\":\"Startseite\",\"item\":\"https:\\\/\\\/lis-wellpappe.de\\\/wordpress\\\/\"},{\"@type\":\"ListItem\",\"position\":2,\"name\":\"Unternehmen\"}]},{\"@type\":\"WebSite\",\"@id\":\"https:\\\/\\\/lis-wellpappe.de\\\/wordpress\\\/#website\",\"url\":\"https:\\\/\\\/lis-wellpappe.de\\\/wordpress\\\/\",\"name\":\"LIS L\u00fcbecker Industrie Service\",\"description\":\"Konstruktive Verpackungen aus Wellpappe\",\"publisher\":{\"@id\":\"https:\\\/\\\/lis-wellpappe.de\\\/wordpress\\\/#organization\"},\"potentialAction\":[{\"@type\":\"SearchAction\",\"target\":{\"@type\":\"EntryPoint\",\"urlTemplate\":\"https:\\\/\\\/lis-wellpappe.de\\\/wordpress\\\/?s={search_term_string}\"},\"query-input\":{\"@type\":\"PropertyValueSpecification\",\"valueRequired\":true,\"valueName\":\"search_term_string\"}}],\"inLanguage\":\"de\"},{\"@type\":\"Organization\",\"@id\":\"https:\\\/\\\/lis-wellpappe.de\\\/wordpress\\\/#organization\",\"name\":\"LIS L\u00fcbecker Industrie Service\",\"url\":\"https:\\\/\\\/lis-wellpappe.de\\\/wordpress\\\/\",\"logo\":{\"@type\":\"ImageObject\",\"inLanguage\":\"de\",\"@id\":\"https:\\\/\\\/lis-wellpappe.de\\\/wordpress\\\/#\\\/schema\\\/logo\\\/image\\\/\",\"url\":\"https:\\\/\\\/lis-wellpappe.de\\\/wordpress\\\/wp-content\\\/uploads\\\/2017\\\/03\\\/logo.png\",\"contentUrl\":\"https:\\\/\\\/lis-wellpappe.de\\\/wordpress\\\/wp-content\\\/uploads\\\/2017\\\/03\\\/logo.png\",\"width\":671,\"height\":235,\"caption\":\"LIS L\u00fcbecker Industrie Service\"},\"image\":{\"@id\":\"https:\\\/\\\/lis-wellpappe.de\\\/wordpress\\\/#\\\/schema\\\/logo\\\/image\\\/\"}}]}<\/script>\n<!-- \/ Yoast SEO plugin. -->","yoast_head_json":{"title":"Unternehmen - LIS L\u00fcbecker Industrie Service","robots":{"index":"index","follow":"follow","max-snippet":"max-snippet:-1","max-image-preview":"max-image-preview:large","max-video-preview":"max-video-preview:-1"},"canonical":"https:\/\/lis-wellpappe.de\/wordpress\/unternehmen\/","og_locale":"de_DE","og_type":"article","og_title":"Unternehmen - LIS L\u00fcbecker Industrie Service","og_description":"LIS&nbsp; L\u00fcbecker Industrie Service Seit der Gr\u00fcn\u00addung im Jah\u00adre 1999 ist unser Fami\u00adli\u00aden\u00adun\u00adter\u00adneh\u00admen als inno\u00adva\u00adti\u00adver Dienst\u00adleis\u00adter in der Ver\u00adpa\u00adckungs\u00adbran\u00adche t\u00e4tig. Wir ent\u00adwi\u00adckeln Ver\u00adpa\u00adckun\u00adgen f\u00fcr jeden Bedarf \u2013 und das mit gro\u00ad\u00dfen \u00f6ko\u00adno\u00admi\u00adschen und \u00f6ko\u00adlo\u00adgi\u00adschen Vor\u00adtei\u00adlen. Das Ver\u00adsen\u00adden Ihrer Pro\u00adduk\u00adte in Well\u00adpapp\u00adver\u00adpa\u00adckun\u00adgen spart Gewicht und redu\u00adziert so bei\u00adspiels\u00adwei\u00adse ihre Fracht\u00adkos\u00adten. Seit\u00adher\u2026 weiterlesen","og_url":"https:\/\/lis-wellpappe.de\/wordpress\/unternehmen\/","og_site_name":"LIS L\u00fcbecker Industrie Service","article_modified_time":"2024-11-12T09:51:27+00:00","og_image":[{"width":334,"height":500,"url":"https:\/\/lis-wellpappe.de\/wordpress\/wp-content\/uploads\/2016\/09\/Unternehmen.jpg","type":"image\/jpeg"}],"twitter_card":"summary_large_image","twitter_misc":{"Gesch\u00e4tzte Lesezeit":"5\u00a0Minuten"},"schema":{"@context":"https:\/\/schema.org","@graph":[{"@type":"WebPage","@id":"https:\/\/lis-wellpappe.de\/wordpress\/unternehmen\/","url":"https:\/\/lis-wellpappe.de\/wordpress\/unternehmen\/","name":"Unternehmen - LIS L\u00fcbecker Industrie Service","isPartOf":{"@id":"https:\/\/lis-wellpappe.de\/wordpress\/#website"},"primaryImageOfPage":{"@id":"https:\/\/lis-wellpappe.de\/wordpress\/unternehmen\/#primaryimage"},"image":{"@id":"https:\/\/lis-wellpappe.de\/wordpress\/unternehmen\/#primaryimage"},"thumbnailUrl":"https:\/\/lis-wellpappe.de\/wordpress\/wp-content\/uploads\/2016\/09\/Unternehmen.jpg","datePublished":"2016-02-03T21:18:51+00:00","dateModified":"2024-11-12T09:51:27+00:00","breadcrumb":{"@id":"https:\/\/lis-wellpappe.de\/wordpress\/unternehmen\/#breadcrumb"},"inLanguage":"de","potentialAction":[{"@type":"ReadAction","target":["https:\/\/lis-wellpappe.de\/wordpress\/unternehmen\/"]}]},{"@type":"ImageObject","inLanguage":"de","@id":"https:\/\/lis-wellpappe.de\/wordpress\/unternehmen\/#primaryimage","url":"https:\/\/lis-wellpappe.de\/wordpress\/wp-content\/uploads\/2016\/09\/Unternehmen.jpg","contentUrl":"https:\/\/lis-wellpappe.de\/wordpress\/wp-content\/uploads\/2016\/09\/Unternehmen.jpg","width":334,"height":500},{"@type":"BreadcrumbList","@id":"https:\/\/lis-wellpappe.de\/wordpress\/unternehmen\/#breadcrumb","itemListElement":[{"@type":"ListItem","position":1,"name":"Startseite","item":"https:\/\/lis-wellpappe.de\/wordpress\/"},{"@type":"ListItem","position":2,"name":"Unternehmen"}]},{"@type":"WebSite","@id":"https:\/\/lis-wellpappe.de\/wordpress\/#website","url":"https:\/\/lis-wellpappe.de\/wordpress\/","name":"LIS L\u00fcbecker Industrie Service","description":"Konstruktive Verpackungen aus Wellpappe","publisher":{"@id":"https:\/\/lis-wellpappe.de\/wordpress\/#organization"},"potentialAction":[{"@type":"SearchAction","target":{"@type":"EntryPoint","urlTemplate":"https:\/\/lis-wellpappe.de\/wordpress\/?s={search_term_string}"},"query-input":{"@type":"PropertyValueSpecification","valueRequired":true,"valueName":"search_term_string"}}],"inLanguage":"de"},{"@type":"Organization","@id":"https:\/\/lis-wellpappe.de\/wordpress\/#organization","name":"LIS L\u00fcbecker Industrie Service","url":"https:\/\/lis-wellpappe.de\/wordpress\/","logo":{"@type":"ImageObject","inLanguage":"de","@id":"https:\/\/lis-wellpappe.de\/wordpress\/#\/schema\/logo\/image\/","url":"https:\/\/lis-wellpappe.de\/wordpress\/wp-content\/uploads\/2017\/03\/logo.png","contentUrl":"https:\/\/lis-wellpappe.de\/wordpress\/wp-content\/uploads\/2017\/03\/logo.png","width":671,"height":235,"caption":"LIS L\u00fcbecker Industrie Service"},"image":{"@id":"https:\/\/lis-wellpappe.de\/wordpress\/#\/schema\/logo\/image\/"}}]}},"_links":{"self":[{"href":"https:\/\/lis-wellpappe.de\/wordpress\/wp-json\/wp\/v2\/pages\/36","targetHints":{"allow":["GET"]}}],"collection":[{"href":"https:\/\/lis-wellpappe.de\/wordpress\/wp-json\/wp\/v2\/pages"}],"about":[{"href":"https:\/\/lis-wellpappe.de\/wordpress\/wp-json\/wp\/v2\/types\/page"}],"author":[{"embeddable":true,"href":"https:\/\/lis-wellpappe.de\/wordpress\/wp-json\/wp\/v2\/users\/1"}],"replies":[{"embeddable":true,"href":"https:\/\/lis-wellpappe.de\/wordpress\/wp-json\/wp\/v2\/comments?post=36"}],"version-history":[{"count":61,"href":"https:\/\/lis-wellpappe.de\/wordpress\/wp-json\/wp\/v2\/pages\/36\/revisions"}],"predecessor-version":[{"id":1195,"href":"https:\/\/lis-wellpappe.de\/wordpress\/wp-json\/wp\/v2\/pages\/36\/revisions\/1195"}],"wp:featuredmedia":[{"embeddable":true,"href":"https:\/\/lis-wellpappe.de\/wordpress\/wp-json\/wp\/v2\/media\/765"}],"wp:attachment":[{"href":"https:\/\/lis-wellpappe.de\/wordpress\/wp-json\/wp\/v2\/media?parent=36"}],"curies":[{"name":"wp","href":"https:\/\/api.w.org\/{rel}","templated":true}]}}