{"id":32,"date":"2016-02-03T22:14:05","date_gmt":"2016-02-03T21:14:05","guid":{"rendered":"http:\/\/lis-wellpappe.de\/wordpress\/?page_id=32"},"modified":"2017-04-26T13:26:58","modified_gmt":"2017-04-26T11:26:58","slug":"produkte","status":"publish","type":"page","link":"https:\/\/lis-wellpappe.de\/wordpress\/produkte\/","title":{"rendered":"Leistungen"},"content":{"rendered":"<h1>Unsere Leistungen<\/h1>\n<p>&nbsp;<\/p>\n<h1><img loading=\"lazy\" decoding=\"async\" class=\"size-full wp-image-63 aligncenter\" src=\"https:\/\/lis-wellpappe.de\/wordpress\/wp-content\/uploads\/2016\/02\/wordle.png\" alt width=\"812\" height=\"526\" srcset=\"https:\/\/lis-wellpappe.de\/wordpress\/wp-content\/uploads\/2016\/02\/wordle.png 812w, https:\/\/lis-wellpappe.de\/wordpress\/wp-content\/uploads\/2016\/02\/wordle-300x194.png 300w, https:\/\/lis-wellpappe.de\/wordpress\/wp-content\/uploads\/2016\/02\/wordle-768x497.png 768w, https:\/\/lis-wellpappe.de\/wordpress\/wp-content\/uploads\/2016\/02\/wordle-232x150.png 232w, https:\/\/lis-wellpappe.de\/wordpress\/wp-content\/uploads\/2016\/02\/wordle-150x97.png 150w\" sizes=\"auto, (max-width: 812px) 100vw, 812px\"><\/h1>\n<p>Wir be- und ver\u00adar\u00adbei\u00adten kon\u00adstruk\u00adti\u00adve Ver\u00adpa\u00adckun\u00adgen aus Well\u00adpap\u00adpe der Sor\u00adten B,C,E, <span class=\"caps\">BC<\/span> und <span class=\"caps\">EB<\/span> in den Ma\u00dfen von 50 mm bis 2200 mm, gem\u00e4\u00df <a href=\"http:\/\/www.fefco.org\/sites\/default\/files\/files\/FEFCO_ESBO_codes_of_designs.pdf\"><span class=\"caps\">FEFCO<\/span>.<\/a><\/p>\n<h4>F\u00fcr Sie individualisierbar u.a&nbsp;durch<\/h4>\n<p>\u2026Per\u00adfo\u00adra\u00adtio\u00adnen z.B. zum bes\u00adse\u00adren \u00d6ff\u00adnen, Selbst\u00adkle\u00adbe\u00adver\u00adschluss, indi\u00advi\u00addu\u00adel\u00adlen Druck, Ver\u00adpa\u00adckungs\u00adschutz\u00adma\u00adte\u00adri\u00adal (Schutz\u00adta\u00adfeln, Ste\u00adge, Luft\u00adpols\u00adter\u00adfo\u00adlie), F\u00fcll\u00adma\u00adte\u00adri\u00adal (Flo\u00adpack), Ver\u00adsand\u00adma\u00adte\u00adri\u00adal (Paket-Kle\u00adbe\u00adband, B\u00fcn\u00addel\u00adband, Stret\u00adchen, Ein\u00adschwei\u00ad\u00dfen, Kan\u00adten\u00adschutz) uvm.<\/p>\n","protected":false},"excerpt":{"rendered":"<p>Unse\u00adre Leis\u00adtun\u00adgen &nbsp; Wir be- und ver\u00adar\u00adbei\u00adten kon\u00adstruk\u00adti\u00adve Ver\u00adpa\u00adckun\u00adgen aus Well\u00adpap\u00adpe der Sor\u00adten B,C,E, <span class=\"caps\">BC<\/span> und <span class=\"caps\">EB<\/span> in den Ma\u00dfen von 50 mm bis 2200 mm, gem\u00e4\u00df <span class=\"caps\">FEFCO<\/span>. F\u00fcr Sie indi\u00advi\u00addua\u00adli\u00adsier\u00adbar u.a&nbsp;durch \u2026Per\u00adfo\u00adra\u00adtio\u00adnen z.B. zum bes\u00adse\u00adren \u00d6ff\u00adnen, Selbst\u00adkle\u00adbe\u00adver\u00adschluss, indi\u00advi\u00addu\u00adel\u00adlen Druck, Ver\u00adpa\u00adckungs\u00adschutz\u00adma\u00adte\u00adri\u00adal (Schutz\u00adta\u00adfeln, Ste\u00adge, Luft\u00adpols\u00adter\u00adfo\u00adlie), F\u00fcll\u00adma\u00adte\u00adri\u00adal (Flo\u00adpack), Ver\u00adsand\u00adma\u00adte\u00adri\u00adal (Paket-Kle\u00ad\u00adbe\u00ad\u00adband, B\u00fcn\u00addel\u00adband, Stretchen,\u2026<\/p>\n<p> <a class=\"continue-reading-link\" href=\"https:\/\/lis-wellpappe.de\/wordpress\/produkte\/\"><span>wei\u00adter\u00adle\u00adsen<\/span><i class=\"crycon-right-dir\"><\/i><\/a> <\/p>\n","protected":false},"author":1,"featured_media":212,"parent":0,"menu_order":0,"comment_status":"closed","ping_status":"closed","template":"","meta":{"wp_typography_post_enhancements_disabled":false,"footnotes":""},"class_list":["post-32","page","type-page","status-publish","has-post-thumbnail","hentry"],"yoast_head":"<!-- This site is optimized with the Yoast SEO plugin v27.5 - https:\/\/yoast.com\/product\/yoast-seo-wordpress\/ -->\n<title>Leistungen - LIS L\u00fcbecker Industrie Service<\/title>\n<meta name=\"robots\" content=\"index, follow, max-snippet:-1, max-image-preview:large, max-video-preview:-1\" \/>\n<link rel=\"canonical\" href=\"https:\/\/lis-wellpappe.de\/wordpress\/produkte\/\" \/>\n<meta property=\"og:locale\" content=\"de_DE\" \/>\n<meta property=\"og:type\" content=\"article\" \/>\n<meta property=\"og:title\" content=\"Leistungen - LIS L\u00fcbecker Industrie Service\" \/>\n<meta property=\"og:description\" content=\"Unsere Leistungen &nbsp; Wir be- und ver\u00adar\u00adbei\u00adten kon\u00adstruk\u00adti\u00adve Ver\u00adpa\u00adckun\u00adgen aus Well\u00adpap\u00adpe der Sor\u00adten B,C,E, BC und EB in den Ma\u00dfen von 50 mm bis 2200 mm, gem\u00e4\u00df FEFCO. F\u00fcr Sie individualisierbar u.a&nbsp;durch \u2026Per\u00adfo\u00adra\u00adtio\u00adnen z.B. zum bes\u00adse\u00adren \u00d6ff\u00adnen, Selbst\u00adkle\u00adbe\u00adver\u00adschluss, indi\u00advi\u00addu\u00adel\u00adlen Druck, Ver\u00adpa\u00adckungs\u00adschutz\u00adma\u00adte\u00adri\u00adal (Schutz\u00adta\u00adfeln, Ste\u00adge, Luft\u00adpols\u00adter\u00adfo\u00adlie), F\u00fcll\u00adma\u00adte\u00adri\u00adal (Flo\u00adpack), Ver\u00adsand\u00adma\u00adte\u00adri\u00adal (Paket-Kle\u00adbe\u00adband, B\u00fcn\u00addel\u00adband, Stret\u00adchen,\u2026 weiterlesen\" \/>\n<meta property=\"og:url\" content=\"https:\/\/lis-wellpappe.de\/wordpress\/produkte\/\" \/>\n<meta property=\"og:site_name\" content=\"LIS L\u00fcbecker Industrie Service\" \/>\n<meta property=\"article:modified_time\" content=\"2017-04-26T11:26:58+00:00\" \/>\n<meta property=\"og:image\" content=\"https:\/\/lis-wellpappe.de\/wordpress\/wp-content\/uploads\/2016\/02\/Wir-bieten-LIS.png\" \/>\n\t<meta property=\"og:image:width\" content=\"838\" \/>\n\t<meta property=\"og:image:height\" content=\"529\" \/>\n\t<meta property=\"og:image:type\" content=\"image\/png\" \/>\n<meta name=\"twitter:card\" content=\"summary_large_image\" \/>\n<script type=\"application\/ld+json\" class=\"yoast-schema-graph\">{\"@context\":\"https:\\\/\\\/schema.org\",\"@graph\":[{\"@type\":\"WebPage\",\"@id\":\"https:\\\/\\\/lis-wellpappe.de\\\/wordpress\\\/produkte\\\/\",\"url\":\"https:\\\/\\\/lis-wellpappe.de\\\/wordpress\\\/produkte\\\/\",\"name\":\"Leistungen - LIS L\u00fcbecker Industrie Service\",\"isPartOf\":{\"@id\":\"https:\\\/\\\/lis-wellpappe.de\\\/wordpress\\\/#website\"},\"primaryImageOfPage\":{\"@id\":\"https:\\\/\\\/lis-wellpappe.de\\\/wordpress\\\/produkte\\\/#primaryimage\"},\"image\":{\"@id\":\"https:\\\/\\\/lis-wellpappe.de\\\/wordpress\\\/produkte\\\/#primaryimage\"},\"thumbnailUrl\":\"https:\\\/\\\/lis-wellpappe.de\\\/wordpress\\\/wp-content\\\/uploads\\\/2016\\\/02\\\/Wir-bieten-LIS.png\",\"datePublished\":\"2016-02-03T21:14:05+00:00\",\"dateModified\":\"2017-04-26T11:26:58+00:00\",\"breadcrumb\":{\"@id\":\"https:\\\/\\\/lis-wellpappe.de\\\/wordpress\\\/produkte\\\/#breadcrumb\"},\"inLanguage\":\"de\",\"potentialAction\":[{\"@type\":\"ReadAction\",\"target\":[\"https:\\\/\\\/lis-wellpappe.de\\\/wordpress\\\/produkte\\\/\"]}]},{\"@type\":\"ImageObject\",\"inLanguage\":\"de\",\"@id\":\"https:\\\/\\\/lis-wellpappe.de\\\/wordpress\\\/produkte\\\/#primaryimage\",\"url\":\"https:\\\/\\\/lis-wellpappe.de\\\/wordpress\\\/wp-content\\\/uploads\\\/2016\\\/02\\\/Wir-bieten-LIS.png\",\"contentUrl\":\"https:\\\/\\\/lis-wellpappe.de\\\/wordpress\\\/wp-content\\\/uploads\\\/2016\\\/02\\\/Wir-bieten-LIS.png\",\"width\":838,\"height\":529},{\"@type\":\"BreadcrumbList\",\"@id\":\"https:\\\/\\\/lis-wellpappe.de\\\/wordpress\\\/produkte\\\/#breadcrumb\",\"itemListElement\":[{\"@type\":\"ListItem\",\"position\":1,\"name\":\"Startseite\",\"item\":\"https:\\\/\\\/lis-wellpappe.de\\\/wordpress\\\/\"},{\"@type\":\"ListItem\",\"position\":2,\"name\":\"Leistungen\"}]},{\"@type\":\"WebSite\",\"@id\":\"https:\\\/\\\/lis-wellpappe.de\\\/wordpress\\\/#website\",\"url\":\"https:\\\/\\\/lis-wellpappe.de\\\/wordpress\\\/\",\"name\":\"LIS L\u00fcbecker Industrie Service\",\"description\":\"Konstruktive Verpackungen aus Wellpappe\",\"publisher\":{\"@id\":\"https:\\\/\\\/lis-wellpappe.de\\\/wordpress\\\/#organization\"},\"potentialAction\":[{\"@type\":\"SearchAction\",\"target\":{\"@type\":\"EntryPoint\",\"urlTemplate\":\"https:\\\/\\\/lis-wellpappe.de\\\/wordpress\\\/?s={search_term_string}\"},\"query-input\":{\"@type\":\"PropertyValueSpecification\",\"valueRequired\":true,\"valueName\":\"search_term_string\"}}],\"inLanguage\":\"de\"},{\"@type\":\"Organization\",\"@id\":\"https:\\\/\\\/lis-wellpappe.de\\\/wordpress\\\/#organization\",\"name\":\"LIS L\u00fcbecker Industrie Service\",\"url\":\"https:\\\/\\\/lis-wellpappe.de\\\/wordpress\\\/\",\"logo\":{\"@type\":\"ImageObject\",\"inLanguage\":\"de\",\"@id\":\"https:\\\/\\\/lis-wellpappe.de\\\/wordpress\\\/#\\\/schema\\\/logo\\\/image\\\/\",\"url\":\"https:\\\/\\\/lis-wellpappe.de\\\/wordpress\\\/wp-content\\\/uploads\\\/2017\\\/03\\\/logo.png\",\"contentUrl\":\"https:\\\/\\\/lis-wellpappe.de\\\/wordpress\\\/wp-content\\\/uploads\\\/2017\\\/03\\\/logo.png\",\"width\":671,\"height\":235,\"caption\":\"LIS L\u00fcbecker Industrie Service\"},\"image\":{\"@id\":\"https:\\\/\\\/lis-wellpappe.de\\\/wordpress\\\/#\\\/schema\\\/logo\\\/image\\\/\"}}]}<\/script>\n<!-- \/ Yoast SEO plugin. -->","yoast_head_json":{"title":"Leistungen - LIS L\u00fcbecker Industrie Service","robots":{"index":"index","follow":"follow","max-snippet":"max-snippet:-1","max-image-preview":"max-image-preview:large","max-video-preview":"max-video-preview:-1"},"canonical":"https:\/\/lis-wellpappe.de\/wordpress\/produkte\/","og_locale":"de_DE","og_type":"article","og_title":"Leistungen - LIS L\u00fcbecker Industrie Service","og_description":"Unsere Leistungen &nbsp; Wir be- und ver\u00adar\u00adbei\u00adten kon\u00adstruk\u00adti\u00adve Ver\u00adpa\u00adckun\u00adgen aus Well\u00adpap\u00adpe der Sor\u00adten B,C,E, BC und EB in den Ma\u00dfen von 50 mm bis 2200 mm, gem\u00e4\u00df FEFCO. F\u00fcr Sie individualisierbar u.a&nbsp;durch \u2026Per\u00adfo\u00adra\u00adtio\u00adnen z.B. zum bes\u00adse\u00adren \u00d6ff\u00adnen, Selbst\u00adkle\u00adbe\u00adver\u00adschluss, indi\u00advi\u00addu\u00adel\u00adlen Druck, Ver\u00adpa\u00adckungs\u00adschutz\u00adma\u00adte\u00adri\u00adal (Schutz\u00adta\u00adfeln, Ste\u00adge, Luft\u00adpols\u00adter\u00adfo\u00adlie), F\u00fcll\u00adma\u00adte\u00adri\u00adal (Flo\u00adpack), Ver\u00adsand\u00adma\u00adte\u00adri\u00adal (Paket-Kle\u00adbe\u00adband, B\u00fcn\u00addel\u00adband, Stret\u00adchen,\u2026 weiterlesen","og_url":"https:\/\/lis-wellpappe.de\/wordpress\/produkte\/","og_site_name":"LIS L\u00fcbecker Industrie Service","article_modified_time":"2017-04-26T11:26:58+00:00","og_image":[{"width":838,"height":529,"url":"https:\/\/lis-wellpappe.de\/wordpress\/wp-content\/uploads\/2016\/02\/Wir-bieten-LIS.png","type":"image\/png"}],"twitter_card":"summary_large_image","schema":{"@context":"https:\/\/schema.org","@graph":[{"@type":"WebPage","@id":"https:\/\/lis-wellpappe.de\/wordpress\/produkte\/","url":"https:\/\/lis-wellpappe.de\/wordpress\/produkte\/","name":"Leistungen - LIS L\u00fcbecker Industrie Service","isPartOf":{"@id":"https:\/\/lis-wellpappe.de\/wordpress\/#website"},"primaryImageOfPage":{"@id":"https:\/\/lis-wellpappe.de\/wordpress\/produkte\/#primaryimage"},"image":{"@id":"https:\/\/lis-wellpappe.de\/wordpress\/produkte\/#primaryimage"},"thumbnailUrl":"https:\/\/lis-wellpappe.de\/wordpress\/wp-content\/uploads\/2016\/02\/Wir-bieten-LIS.png","datePublished":"2016-02-03T21:14:05+00:00","dateModified":"2017-04-26T11:26:58+00:00","breadcrumb":{"@id":"https:\/\/lis-wellpappe.de\/wordpress\/produkte\/#breadcrumb"},"inLanguage":"de","potentialAction":[{"@type":"ReadAction","target":["https:\/\/lis-wellpappe.de\/wordpress\/produkte\/"]}]},{"@type":"ImageObject","inLanguage":"de","@id":"https:\/\/lis-wellpappe.de\/wordpress\/produkte\/#primaryimage","url":"https:\/\/lis-wellpappe.de\/wordpress\/wp-content\/uploads\/2016\/02\/Wir-bieten-LIS.png","contentUrl":"https:\/\/lis-wellpappe.de\/wordpress\/wp-content\/uploads\/2016\/02\/Wir-bieten-LIS.png","width":838,"height":529},{"@type":"BreadcrumbList","@id":"https:\/\/lis-wellpappe.de\/wordpress\/produkte\/#breadcrumb","itemListElement":[{"@type":"ListItem","position":1,"name":"Startseite","item":"https:\/\/lis-wellpappe.de\/wordpress\/"},{"@type":"ListItem","position":2,"name":"Leistungen"}]},{"@type":"WebSite","@id":"https:\/\/lis-wellpappe.de\/wordpress\/#website","url":"https:\/\/lis-wellpappe.de\/wordpress\/","name":"LIS L\u00fcbecker Industrie Service","description":"Konstruktive Verpackungen aus Wellpappe","publisher":{"@id":"https:\/\/lis-wellpappe.de\/wordpress\/#organization"},"potentialAction":[{"@type":"SearchAction","target":{"@type":"EntryPoint","urlTemplate":"https:\/\/lis-wellpappe.de\/wordpress\/?s={search_term_string}"},"query-input":{"@type":"PropertyValueSpecification","valueRequired":true,"valueName":"search_term_string"}}],"inLanguage":"de"},{"@type":"Organization","@id":"https:\/\/lis-wellpappe.de\/wordpress\/#organization","name":"LIS L\u00fcbecker Industrie Service","url":"https:\/\/lis-wellpappe.de\/wordpress\/","logo":{"@type":"ImageObject","inLanguage":"de","@id":"https:\/\/lis-wellpappe.de\/wordpress\/#\/schema\/logo\/image\/","url":"https:\/\/lis-wellpappe.de\/wordpress\/wp-content\/uploads\/2017\/03\/logo.png","contentUrl":"https:\/\/lis-wellpappe.de\/wordpress\/wp-content\/uploads\/2017\/03\/logo.png","width":671,"height":235,"caption":"LIS L\u00fcbecker Industrie Service"},"image":{"@id":"https:\/\/lis-wellpappe.de\/wordpress\/#\/schema\/logo\/image\/"}}]}},"_links":{"self":[{"href":"https:\/\/lis-wellpappe.de\/wordpress\/wp-json\/wp\/v2\/pages\/32","targetHints":{"allow":["GET"]}}],"collection":[{"href":"https:\/\/lis-wellpappe.de\/wordpress\/wp-json\/wp\/v2\/pages"}],"about":[{"href":"https:\/\/lis-wellpappe.de\/wordpress\/wp-json\/wp\/v2\/types\/page"}],"author":[{"embeddable":true,"href":"https:\/\/lis-wellpappe.de\/wordpress\/wp-json\/wp\/v2\/users\/1"}],"replies":[{"embeddable":true,"href":"https:\/\/lis-wellpappe.de\/wordpress\/wp-json\/wp\/v2\/comments?post=32"}],"version-history":[{"count":39,"href":"https:\/\/lis-wellpappe.de\/wordpress\/wp-json\/wp\/v2\/pages\/32\/revisions"}],"predecessor-version":[{"id":1063,"href":"https:\/\/lis-wellpappe.de\/wordpress\/wp-json\/wp\/v2\/pages\/32\/revisions\/1063"}],"wp:featuredmedia":[{"embeddable":true,"href":"https:\/\/lis-wellpappe.de\/wordpress\/wp-json\/wp\/v2\/media\/212"}],"wp:attachment":[{"href":"https:\/\/lis-wellpappe.de\/wordpress\/wp-json\/wp\/v2\/media?parent=32"}],"curies":[{"name":"wp","href":"https:\/\/api.w.org\/{rel}","templated":true}]}}